{"id":31,"date":"2021-05-28T07:53:06","date_gmt":"2021-05-28T05:53:06","guid":{"rendered":"https:\/\/global-parts.ml\/colibri-wp"},"modified":"2022-03-10T10:55:05","modified_gmt":"2022-03-10T09:55:05","slug":"colibri-wp","status":"publish","type":"page","link":"https:\/\/globalparts.dk\/","title":{"rendered":"Din bremse caliper leverand\u00f8r og konsulent-\/ sourcing partner"},"content":{"rendered":"\n<div class=\"MainContainer\" style=\"max-width: 1000px;margin: auto;padding: 70px;\"><style> .page-content { background-color: #F5FAFD; padding: 0px !important;}<\/style>\n\n\n\n<div style=\"height:50px\" aria-hidden=\"true\" class=\"wp-block-spacer\"><\/div>\n\n\n\n<div class=\"wp-block-columns is-layout-flex wp-container-core-columns-is-layout-9d6595d7 wp-block-columns-is-layout-flex\" id=\"kaliber\">\n<div class=\"wp-block-column is-layout-flow wp-block-column-is-layout-flow\" style=\"flex-basis:66.66%\">\n<h2 class=\"wp-block-heading\">Bremse Caliper<\/h2>\n\n\n\n<p>Global Parts er i DK lagerf\u00f8rende af de mest g\u00e6ngse caliper til person-\/ og vare-biler. Vi samarbejder med den koreanske producent Dae Ryang, med produktion i Korea, Kina og Vietnam. Dae Ryang benytter den nyeste teknologi, er b\u00e5de certificeret med <strong><a href=\"https:\/\/globalparts.dk\/wp-content\/uploads\/2021\/08\/DR_ISO1400120240209.pdf\">ISO14001<\/a><\/strong> and <strong><a href=\"https:\/\/globalparts.dk\/wp-content\/uploads\/2021\/08\/DAE-RYANG-IND.-IATF-CERTIFICATE-2020.pdf\" data-type=\"URL\" data-id=\"https:\/\/globalparts.dk\/wp-content\/uploads\/2021\/08\/DAE-RYANG-IND.-IATF-CERTIFICATE-2020.pdf\">TS16949<\/a><\/strong> og godkendt til at levere til de st\u00f8rste producenter indenfor OES og det europ\u00e6iske eftermarked. Vores caliper har fuldt sporbarhed, kvaliteten dokumenteret og matching kvalitet til original.<\/p>\n<\/div>\n\n\n\n<div class=\"wp-block-column is-layout-flow wp-block-column-is-layout-flow\" style=\"flex-basis:33.33%\"><div id='image_slideshow_holder' style='max-width:276px'><ul id='image_slideshow' class='acx_ppt acx_ppt_0 acx_ppt_uid_caliper' style='width:276px;overflow:hidden;'><li><img src='https:\/\/globalparts.dk\/wp-content\/uploads\/2021\/08\/Caliper8.jpg' title='Caliper8' alt='' style='max-height:276px;width:276px;'><div class='img_prev_0 img_prev'><\/div><div class='img_next_0 img_next'><\/div><\/li><li><img src='https:\/\/globalparts.dk\/wp-content\/uploads\/2021\/08\/Caliper9.jpg' title='Caliper9' alt='' style='max-height:276px;width:276px;'><div class='img_prev_0 img_prev'><\/div><div class='img_next_0 img_next'><\/div><\/li><li><img src='https:\/\/globalparts.dk\/wp-content\/uploads\/2021\/08\/Caliper6.jpg' title='Caliper6' alt='' style='max-height:276px;width:276px;'><div class='img_prev_0 img_prev'><\/div><div class='img_next_0 img_next'><\/div><\/li><input type='hidden' id='acx_hidden_id_0' value='stop'\/><\/ul><\/div><!-- image_slideshow_holder -->\n<\/div>\n<\/div>\n\n\n\n<div style=\"height:50px\" aria-hidden=\"true\" class=\"wp-block-spacer\"><\/div>\n\n\n\n<div class=\"wp-block-columns is-layout-flex wp-container-core-columns-is-layout-9d6595d7 wp-block-columns-is-layout-flex\" id=\"sourcing\">\n<div class=\"wp-block-column is-layout-flow wp-block-column-is-layout-flow\" style=\"flex-basis:33.33%\">\n<figure class=\"wp-block-image size-large\"><img loading=\"lazy\" decoding=\"async\" width=\"1024\" height=\"708\" src=\"https:\/\/globalparts.dk\/wp-content\/uploads\/cropped-cargo-1-1024x708.jpg\" alt=\"\" class=\"wp-image-494\" srcset=\"https:\/\/globalparts.dk\/wp-content\/uploads\/cropped-cargo-1-1024x708.jpg 1024w, https:\/\/globalparts.dk\/wp-content\/uploads\/cropped-cargo-1-300x207.jpg 300w, https:\/\/globalparts.dk\/wp-content\/uploads\/cropped-cargo-1-768x531.jpg 768w, https:\/\/globalparts.dk\/wp-content\/uploads\/cropped-cargo-1-1536x1062.jpg 1536w, https:\/\/globalparts.dk\/wp-content\/uploads\/cropped-cargo-1.jpg 1720w\" sizes=\"auto, (max-width: 1024px) 100vw, 1024px\" \/><\/figure>\n<\/div>\n\n\n\n<div class=\"wp-block-column is-layout-flow wp-block-column-is-layout-flow\" style=\"flex-basis:66.66%\">\n<h2 class=\"wp-block-heading\">Sourcing<\/h2>\n\n\n\n<p>Global Parts udf\u00f8rer diverse sourcing opgaver indenfor kundespecificerede krav. Vi st\u00e5r for hele forsyningsk\u00e6den, udvikling, kvalitetssikring, opf\u00f8lgning, levering samt dokumentation. De fleste sourcing opgaver vi udf\u00f8rer, er indenfor Automotive, men vi h\u00e5ndterer ligeledes opgaver indenfor andre omr\u00e5der med specifikke kundekrav.<\/p>\n<\/div>\n<\/div>\n\n\n\n<div style=\"height:50px\" aria-hidden=\"true\" class=\"wp-block-spacer\"><\/div>\n\n\n\n<div class=\"wp-block-columns is-layout-flex wp-container-core-columns-is-layout-9d6595d7 wp-block-columns-is-layout-flex\" id=\"konsulent\">\n<div class=\"wp-block-column is-layout-flow wp-block-column-is-layout-flow\" style=\"flex-basis:66.66%\">\n<h2 class=\"wp-block-heading\">Konsulentopgaver<\/h2>\n\n\n\n<p>Global Parts udf\u00f8rer konsulentopgaver indenfor indk\u00f8b og logistik. Sammen med kunden analyserer vi behovet og sammen finder vi den mest optimale l\u00f8sning. Opgaverne kan v\u00e6re mange, enkelt st\u00e5ende indk\u00f8b, projektopgaver, indk\u00f8ber hos kunden eller fra eget kontor, kost analyser, transport opgaver, opf\u00f8lgning, benchmarking mm.<\/p>\n<\/div>\n\n\n\n<div class=\"wp-block-column is-layout-flow wp-block-column-is-layout-flow\" style=\"flex-basis:33.33%\">\n<figure class=\"wp-block-image size-large\"><img loading=\"lazy\" decoding=\"async\" width=\"1024\" height=\"831\" src=\"https:\/\/globalparts.dk\/wp-content\/uploads\/cropped-both-1024x831.jpg\" alt=\"\" class=\"wp-image-544\" srcset=\"https:\/\/globalparts.dk\/wp-content\/uploads\/cropped-both-1024x831.jpg 1024w, https:\/\/globalparts.dk\/wp-content\/uploads\/cropped-both-300x243.jpg 300w, https:\/\/globalparts.dk\/wp-content\/uploads\/cropped-both-768x623.jpg 768w, https:\/\/globalparts.dk\/wp-content\/uploads\/cropped-both-1536x1246.jpg 1536w, https:\/\/globalparts.dk\/wp-content\/uploads\/cropped-both-2048x1662.jpg 2048w\" sizes=\"auto, (max-width: 1024px) 100vw, 1024px\" \/><\/figure>\n<\/div>\n<\/div>\n\n\n\n<div style=\"height:100px\" aria-hidden=\"true\" class=\"wp-block-spacer\"><\/div>\n\n\n\n<h2 class=\"has-text-align-center wp-block-heading\" id=\"historie\">Firmaets Historie<\/h2>\n\n\n\n<p>Global Parts ApS er stiftet af Uffe Mogensen og Brian Lysdahl 1. december 2017. Firmaet besk\u00e6ftiger sig med import \/ eksport af produkter, hovedsageligt indenfor bremser, sourcing opgaver indenfor b\u00e5de metal og plast forarbejdning og konsulentopgaver indenfor logistik og indk\u00f8b.<\/p>\n\n\n\n<p>Global Parts samarbejder med den Koreanske caliper producent Dae Ryang og repr\u00e6senterer denne i Europa. Derudover samarbejdes der med et bredt netv\u00e6rk af producenter b\u00e5de i Europa og Fjern\u00f8sten.<\/p>\n\n\n\n<p>Uffe Mogensen og Brian Lysdahl har begge en mange\u00e5rig baggrund med international erfaring indenfor Automotive og har sammen kompetencer indenfor ledelse, sourcing, kvalitet, logistik, produktudvikling, lager og produktion.<\/p>\n\n\n\n<p>Global Parts har adresse p\u00e5 Sundsholmen 6 i N\u00f8rresundby, med lager og forsendelse med dag til dag leveringer til kunder i Europa.<\/p>\n\n\n\n<div style=\"height:100px\" aria-hidden=\"true\" class=\"wp-block-spacer\"><\/div>\n\n\n\n<div id=\"overview\" class=\"wp-block-group\"><div class=\"wp-block-group__inner-container is-layout-flow wp-block-group-is-layout-flow\">\n<div class=\"wp-block-columns is-layout-flex wp-container-core-columns-is-layout-9d6595d7 wp-block-columns-is-layout-flex\">\n<div class=\"wp-block-column is-layout-flow wp-block-column-is-layout-flow\">\n<div class=\"wp-block-columns is-layout-flex wp-container-core-columns-is-layout-9d6595d7 wp-block-columns-is-layout-flex\">\n<div class=\"wp-block-column is-layout-flow wp-block-column-is-layout-flow\" style=\"flex-basis:33.33%\">\n<div class=\"wp-block-image\"><figure class=\"aligncenter size-full\"><img loading=\"lazy\" decoding=\"async\" width=\"318\" height=\"159\" src=\"https:\/\/globalparts.dk\/wp-content\/uploads\/2021\/08\/vision.jpg\" alt=\"\" class=\"wp-image-904\" srcset=\"https:\/\/globalparts.dk\/wp-content\/uploads\/2021\/08\/vision.jpg 318w, https:\/\/globalparts.dk\/wp-content\/uploads\/2021\/08\/vision-300x150.jpg 300w\" sizes=\"auto, (max-width: 318px) 100vw, 318px\" \/><\/figure><\/div>\n<\/div>\n\n\n\n<div class=\"wp-block-column is-layout-flow wp-block-column-is-layout-flow\" style=\"flex-basis:66.66%\">\n<p><strong>Vision<\/strong><\/p>\n\n\n\n<p>Vi \u00f8nsker at give vore kunder den bedste kundeoplevelse indenfor bremse caliper, sourcing opgaver og konsulent arbejde.<\/p>\n<\/div>\n<\/div>\n<\/div>\n\n\n\n<div class=\"wp-block-column is-layout-flow wp-block-column-is-layout-flow\">\n<div class=\"wp-block-columns is-layout-flex wp-container-core-columns-is-layout-9d6595d7 wp-block-columns-is-layout-flex\">\n<div class=\"wp-block-column is-layout-flow wp-block-column-is-layout-flow\" style=\"flex-basis:33.33%\">\n<div class=\"wp-block-image\"><figure class=\"aligncenter size-full\"><img loading=\"lazy\" decoding=\"async\" width=\"522\" height=\"381\" src=\"https:\/\/globalparts.dk\/wp-content\/uploads\/2021\/08\/mission.png\" alt=\"\" class=\"wp-image-905\" srcset=\"https:\/\/globalparts.dk\/wp-content\/uploads\/2021\/08\/mission.png 522w, https:\/\/globalparts.dk\/wp-content\/uploads\/2021\/08\/mission-300x219.png 300w\" sizes=\"auto, (max-width: 522px) 100vw, 522px\" \/><\/figure><\/div>\n<\/div>\n\n\n\n<div class=\"wp-block-column is-layout-flow wp-block-column-is-layout-flow\" style=\"flex-basis:66.66%\">\n<p><strong>Mission<\/strong><\/p>\n\n\n\n<p>Vi \u00f8nsker at bidrage til vores kunders v\u00e6kst og konkurrenceevne.<\/p>\n<\/div>\n<\/div>\n<\/div>\n<\/div>\n\n\n\n<div style=\"height:50px\" aria-hidden=\"true\" class=\"wp-block-spacer\"><\/div>\n\n\n\n<div class=\"wp-block-columns is-layout-flex wp-container-core-columns-is-layout-9d6595d7 wp-block-columns-is-layout-flex\">\n<div class=\"wp-block-column is-layout-flow wp-block-column-is-layout-flow\">\n<div class=\"wp-block-columns is-layout-flex wp-container-core-columns-is-layout-9d6595d7 wp-block-columns-is-layout-flex\">\n<div class=\"wp-block-column is-layout-flow wp-block-column-is-layout-flow\" style=\"flex-basis:33.33%\">\n<div class=\"wp-block-image\"><figure class=\"aligncenter size-full\"><img loading=\"lazy\" decoding=\"async\" width=\"248\" height=\"203\" src=\"https:\/\/globalparts.dk\/wp-content\/uploads\/2021\/08\/values.jpg\" alt=\"\" class=\"wp-image-907\"\/><\/figure><\/div>\n<\/div>\n\n\n\n<div class=\"wp-block-column is-layout-flow wp-block-column-is-layout-flow\" style=\"flex-basis:66.66%\">\n<p><strong>V\u00e6rdier<\/strong><\/p>\n\n\n\n<p>Vi finder det naturligt at l\u00f8se opgaver i t\u00e6t samarbejde med kunden og sammen finde de mest optimale l\u00f8sninger.<\/p>\n<\/div>\n<\/div>\n<\/div>\n\n\n\n<div class=\"wp-block-column is-layout-flow wp-block-column-is-layout-flow\">\n<div class=\"wp-block-columns is-layout-flex wp-container-core-columns-is-layout-9d6595d7 wp-block-columns-is-layout-flex\">\n<div class=\"wp-block-column is-layout-flow wp-block-column-is-layout-flow\" style=\"flex-basis:33.33%\">\n<div class=\"wp-block-image\"><figure class=\"aligncenter size-full\"><img loading=\"lazy\" decoding=\"async\" width=\"300\" height=\"239\" src=\"https:\/\/globalparts.dk\/wp-content\/uploads\/2021\/08\/confidence.jpg\" alt=\"\" class=\"wp-image-906\"\/><\/figure><\/div>\n<\/div>\n\n\n\n<div class=\"wp-block-column is-layout-flow wp-block-column-is-layout-flow\" style=\"flex-basis:66.66%\">\n<p><strong>Fortrolighed<\/strong><\/p>\n\n\n\n<p>Vi sikrer at fortrolige oplysninger fra kunden forbliver fortrolige.<\/p>\n<\/div>\n<\/div>\n<\/div>\n<\/div>\n<\/div><\/div>\n\n\n\n<div style=\"height:100px\" aria-hidden=\"true\" class=\"wp-block-spacer nyheder-pre\"><\/div>\n\n\n\n<h2 class=\"has-text-align-center nyheder wp-block-heading\" id=\"nyheder\">Nyheder<\/h2>\n\n\n<ul class=\"wp-block-latest-posts__list aligncenter nyheder-krop wp-block-latest-posts\"><\/ul>\n\n\n<div style=\"height:50px\" aria-hidden=\"true\" class=\"wp-block-spacer nyheder-ekstra\"><\/div>\n\n\n\n<\/div>\n\n\n\n<div class=\"wp-block-cover\" id=\"kontakt\"><span aria-hidden=\"true\" class=\"wp-block-cover__gradient-background has-background-dim\"><\/span><img loading=\"lazy\" decoding=\"async\" width=\"1920\" height=\"1080\" class=\"wp-block-cover__image-background wp-image-35\" alt=\"\" src=\"https:\/\/globalparts.dk\/wp-content\/uploads\/2021\/05\/colibri-demo-video-cover.jpg\" data-object-fit=\"cover\" srcset=\"https:\/\/globalparts.dk\/wp-content\/uploads\/2021\/05\/colibri-demo-video-cover.jpg 1920w, https:\/\/globalparts.dk\/wp-content\/uploads\/2021\/05\/colibri-demo-video-cover-300x169.jpg 300w, https:\/\/globalparts.dk\/wp-content\/uploads\/2021\/05\/colibri-demo-video-cover-1024x576.jpg 1024w, https:\/\/globalparts.dk\/wp-content\/uploads\/2021\/05\/colibri-demo-video-cover-768x432.jpg 768w, https:\/\/globalparts.dk\/wp-content\/uploads\/2021\/05\/colibri-demo-video-cover-1536x864.jpg 1536w\" sizes=\"auto, (max-width: 1920px) 100vw, 1920px\" \/><div class=\"wp-block-cover__inner-container is-layout-flow wp-block-cover-is-layout-flow\">\n<div class=\"wp-block-columns has-background is-layout-flex wp-container-core-columns-is-layout-9d6595d7 wp-block-columns-is-layout-flex\" id=\"kontakt-container\" style=\"background-color:#005e92\">\n<div class=\"wp-block-column is-vertically-aligned-center has-white-color has-text-color has-background is-layout-flow wp-block-column-is-layout-flow\" style=\"background-color:#005e92\" id=\"leftkontakt\">\n<p class=\"has-text-align-center has-large-font-size\">KONTAKT OPLYSNINGER<\/p>\n\n\n\n<p><i class=\"fas fa-bars\"><\/i> Global Parts ApS<\/p>\n\n\n\n<p><i class=\"fas fa-industry\"><\/i> CVR: DK39137038<\/p>\n\n\n\n<p class=\"has-white-color has-text-color\"><a style=\"color:white\" href=\"https:\/\/www.google.com\/maps\/place\/Sundsholm+6+ApS\/@57.067388,9.9522562,17z\/data=!3m1!4b1!4m5!3m4!1s0x464932a07f6014d3:0xb68fbba52d82ad14!8m2!3d57.0674796!4d9.9545088\" data-type=\"URL\"><i class=\"fas fa-map-marker-alt\"><\/i> Sundsholmen 6, 9400, Danmark<\/a><\/p>\n\n\n\n<p class=\"has-white-color has-text-color\"><a rel=\"noreferrer noopener\" href=\"https:\/\/www.linkedin.com\/company\/global-parts-aps\/about\/\" data-type=\"URL\" data-id=\"https:\/\/www.linkedin.com\/company\/global-parts-aps\/about\/\" target=\"_blank\"><i class=\"fab fa-linkedin-in\"><\/i> Linkded in<\/a><\/p>\n<\/div>\n\n\n\n<div class=\"wp-block-column is-vertically-aligned-center has-white-background-color has-background is-layout-flow wp-block-column-is-layout-flow\" style=\"flex-basis:50%\" id=\"rightkontakt\">\n<div class=\"wp-block-columns is-layout-flex wp-container-core-columns-is-layout-9d6595d7 wp-block-columns-is-layout-flex\">\n<div class=\"wp-block-column is-vertically-aligned-center has-black-color has-white-background-color has-text-color has-background is-layout-flow wp-block-column-is-layout-flow\">\n<div class=\"wp-block-columns is-layout-flex wp-container-core-columns-is-layout-9d6595d7 wp-block-columns-is-layout-flex\">\n<div class=\"wp-block-column is-layout-flow wp-block-column-is-layout-flow\" id=\"brian\">\n<div class=\"wp-block-image is-style-default\"><figure class=\"aligncenter size-large\"><img loading=\"lazy\" decoding=\"async\" width=\"1024\" height=\"1024\" src=\"https:\/\/globalparts.dk\/wp-content\/uploads\/2021\/08\/brian-1024x1024.jpg\" alt=\"\" class=\"wp-image-591\" srcset=\"https:\/\/globalparts.dk\/wp-content\/uploads\/2021\/08\/brian-1024x1024.jpg 1024w, https:\/\/globalparts.dk\/wp-content\/uploads\/2021\/08\/brian-300x300.jpg 300w, https:\/\/globalparts.dk\/wp-content\/uploads\/2021\/08\/brian-150x150.jpg 150w, https:\/\/globalparts.dk\/wp-content\/uploads\/2021\/08\/brian-768x768.jpg 768w, https:\/\/globalparts.dk\/wp-content\/uploads\/2021\/08\/brian.jpg 1140w\" sizes=\"auto, (max-width: 1024px) 100vw, 1024px\" \/><\/figure><\/div>\n\n\n\n<p class=\"has-text-align-center\" id=\"posname\"><strong>Brian Lysdahl<\/strong><\/p>\n\n\n\n<p class=\"has-text-align-center\" id=\"postitle\">Direkt\u00f8r<\/p>\n\n\n\n<p class=\"has-text-align-center\"><a href=\"mailto:bl@globalparts.dk\" data-type=\"mailto\" data-id=\"mailto:bl@globalparts.dk\"><i class=\"fas fa-envelope\"><\/i> bl@globalparts.dk<\/a><\/p>\n\n\n\n<p class=\"has-text-align-center\"><a href=\"tel:+4520691055\" data-type=\"tel\" data-id=\"tel:+4520691055\"><i class=\"fas fa-phone\"><\/i> +45 20 69 10 55<\/a><\/p>\n<\/div>\n\n\n\n<div class=\"wp-block-column is-vertically-aligned-bottom is-layout-flow wp-block-column-is-layout-flow\" id=\"uffe\">\n<div class=\"wp-block-image\"><figure class=\"aligncenter size-large\"><img loading=\"lazy\" decoding=\"async\" width=\"1024\" height=\"1024\" src=\"https:\/\/globalparts.dk\/wp-content\/uploads\/2021\/08\/uffe-1024x1024.jpg\" alt=\"\" class=\"wp-image-583\" srcset=\"https:\/\/globalparts.dk\/wp-content\/uploads\/2021\/08\/uffe-1024x1024.jpg 1024w, https:\/\/globalparts.dk\/wp-content\/uploads\/2021\/08\/uffe-300x300.jpg 300w, https:\/\/globalparts.dk\/wp-content\/uploads\/2021\/08\/uffe-150x150.jpg 150w, https:\/\/globalparts.dk\/wp-content\/uploads\/2021\/08\/uffe-768x768.jpg 768w, https:\/\/globalparts.dk\/wp-content\/uploads\/2021\/08\/uffe.jpg 1074w\" sizes=\"auto, (max-width: 1024px) 100vw, 1024px\" \/><\/figure><\/div>\n\n\n\n<p class=\"has-text-align-center\" id=\"posname\"><strong>Uffe Mogensen<\/strong><\/p>\n\n\n\n<p class=\"has-text-align-center has-black-color has-text-color\" id=\"postitle\">Caliper Research &amp; Development<\/p>\n\n\n\n<p class=\"has-text-align-center\"><a href=\"mailto:um@globalparts.dk\" data-type=\"mailto\" data-id=\"mailto:um@globalparts.dk\"><i class=\"fas fa-envelope\"><\/i> um@globalparts.dk<\/a><\/p>\n\n\n\n<p class=\"has-text-align-center\"><a href=\"tel:+4540179243\"><i class=\"fas fa-phone\"><\/i> +45 40 17 92 43<\/a><\/p>\n<\/div>\n<\/div>\n<\/div>\n<\/div>\n<\/div>\n<\/div>\n<\/div><\/div>\n","protected":false},"excerpt":{"rendered":"<p>Bremse Caliper Global Parts er i DK lagerf\u00f8rende af de mest g\u00e6ngse caliper til person-\/ og vare-biler. Vi samarbejder med den koreanske producent Dae Ryang, med produktion i Korea, Kina &#8230;<\/p>\n","protected":false},"author":1,"featured_media":1266,"parent":0,"menu_order":0,"comment_status":"closed","ping_status":"closed","template":"template-fullwidth-stretched.php","meta":{"footnotes":""},"class_list":["post-31","page","type-page","status-publish","has-post-thumbnail","hentry"],"_links":{"self":[{"href":"https:\/\/globalparts.dk\/index.php?rest_route=\/wp\/v2\/pages\/31","targetHints":{"allow":["GET"]}}],"collection":[{"href":"https:\/\/globalparts.dk\/index.php?rest_route=\/wp\/v2\/pages"}],"about":[{"href":"https:\/\/globalparts.dk\/index.php?rest_route=\/wp\/v2\/types\/page"}],"author":[{"embeddable":true,"href":"https:\/\/globalparts.dk\/index.php?rest_route=\/wp\/v2\/users\/1"}],"replies":[{"embeddable":true,"href":"https:\/\/globalparts.dk\/index.php?rest_route=%2Fwp%2Fv2%2Fcomments&post=31"}],"version-history":[{"count":90,"href":"https:\/\/globalparts.dk\/index.php?rest_route=\/wp\/v2\/pages\/31\/revisions"}],"predecessor-version":[{"id":1277,"href":"https:\/\/globalparts.dk\/index.php?rest_route=\/wp\/v2\/pages\/31\/revisions\/1277"}],"wp:featuredmedia":[{"embeddable":true,"href":"https:\/\/globalparts.dk\/index.php?rest_route=\/wp\/v2\/media\/1266"}],"wp:attachment":[{"href":"https:\/\/globalparts.dk\/index.php?rest_route=%2Fwp%2Fv2%2Fmedia&parent=31"}],"curies":[{"name":"wp","href":"https:\/\/api.w.org\/{rel}","templated":true}]}}